{"id":42,"date":"2026-03-14T17:38:27","date_gmt":"2026-03-14T17:38:27","guid":{"rendered":"https:\/\/citelayer-ai.com\/services\/"},"modified":"2026-03-29T15:38:35","modified_gmt":"2026-03-29T15:38:35","slug":"servicios","status":"publish","type":"page","link":"https:\/\/citelayer-ai.com\/es\/services\/","title":{"rendered":"Servicios"},"content":{"rendered":"<main id=\"main\" class=\"wp-block-group is-layout-flow wp-block-group-is-layout-flow\">\n<div class=\"wp-block-group cl-section cl-section--bg-alt cl-hero--inner has-global-padding is-layout-constrained wp-container-core-group-is-layout-bea02a06 wp-block-group-is-layout-constrained\"><nav aria-label=\"pan rallado\" class=\"rank-math-breadcrumb\"><p><span class=\"last\">Inicio<\/span><\/p><\/nav>\n\n\n\n<div class=\"wp-block-group cl-section-header cl-section-header--center is-layout-flow wp-block-group-is-layout-flow\">\n<p class=\"cl-eyebrow has-text-align-center\">Servicios<\/p>\n\n\n\n<h1 class=\"wp-block-heading has-text-align-center cl-section-header__heading has-heading-lg-font-size\">Hacer que los motores de b\u00fasqueda de IA encuentren, entiendan y <mark style=\"background:none\" class=\"has-inline-color cl-gradient-text\">recomiende su negocio.<\/mark><\/h1>\n\n\n\n<p class=\"cl-section-header__subline has-text-align-center\">Desde una auditor\u00eda de visibilidad de 24 horas hasta la implantaci\u00f3n completa del GEO y el cumplimiento de la Ley de IA de la UE. Cada servicio se basa en el anterior: empiece donde est\u00e9, ampl\u00ede cuando est\u00e9 preparado.<\/p>\n<\/div>\n\n\n\n<div class=\"wp-block-buttons cl-hero__ctas is-content-justification-left is-layout-flex wp-container-core-buttons-is-layout-fc4fd283 wp-block-buttons-is-layout-flex\">\n<div class=\"wp-block-button cl-btn cl-btn--primary\"><a class=\"wp-block-button__link wp-element-button\" href=\"\/es\/servicios\/ai-visibility-audit\/\">Obtenga su auditor\u00eda de visibilidad de la IA - <span class=\"edd_price\" id=\"edd_price_182\">\u20ac497<\/span><\/a><\/div>\n\n\n\n<div class=\"wp-block-button cl-btn cl-btn--secondary is-style-outline is-style-outline--1\"><a class=\"wp-block-button__link wp-element-button\" href=\"https:\/\/audit.citelayer.ai\/portal\/demo\" target=\"_blank\" rel=\"noopener\">Ver un informe de muestra<\/a><\/div>\n<\/div>\n<\/div>\n\n\n\n<div class=\"cl-divider\" aria-hidden=\"true\"><\/div>\n\n\n\n<div class=\"wp-block-group cl-section has-global-padding is-layout-constrained wp-container-core-group-is-layout-4383d167 wp-block-group-is-layout-constrained\">\n<div class=\"wp-block-group cl-section-header cl-section-header--center cl-reveal is-layout-flow wp-block-group-is-layout-flow\">\n<h2 class=\"wp-block-heading has-text-align-center cl-section-header__heading\">Todo lo que necesita para convertirse en <mark style=\"background:none\" class=\"has-inline-color cl-gradient-text\">AI-visible<\/mark><\/h2>\n\n\n\n<p class=\"cl-section-header__subline has-text-align-center\">Cinco servicios. Un camino claro. Comience con la auditor\u00eda, escale a partir de ah\u00ed.<\/p>\n<\/div>\n\n\n\n<div class=\"cl-services-grid-top\">\n\n\t\t\t<!-- Card 1: AI Visibility Audit \u2014 FEATURED -->\n\t\t\t<div class=\"cl-card cl-card--service cl-card--featured cl-reveal cl-reveal-delay-1\">\n\t\t\t\t<span class=\"cl-card__badge\">Comience aqu\u00ed<\/span>\n\t\t\t\t<div class=\"cl-card__icon\" aria-hidden=\"true\"><svg class=\"cl-icon\" width=\"28\" height=\"28\"><use href=\"\/wp-content\/themes\/citelayer\/assets\/icons\/icons.svg#icon-audit\"\/><\/svg><\/div>\n\t\t\t\t<h3 class=\"cl-card__title\">Auditor\u00eda de visibilidad de la IA<\/h3>\n\t\t\t\t<div class=\"cl-card__price\"><span class=\"edd_price\" id=\"edd_price_182\">\u20ac497<\/span><\/div>\n\t\t\t\t<p class=\"cl-card__tagline\">M\u00e1s IVA. Sepa a qu\u00e9 atenerse.<\/p>\n\t\t\t\t<p class=\"cl-card__body\">An\u00e1lisis completo de la visibilidad de la IA en ChatGPT, Perplexity, Gemini, Google AI Overviews y Claude. Comparaci\u00f3n con la competencia. Informe puntuado con correcciones priorizadas. Entregado en 24 horas.<\/p>\n\t\t\t\t<a href=\"\/es\/servicios\/ai-visibility-audit\/\" class=\"cl-btn cl-btn--primary cl-card__cta\">Solicite su auditor\u00eda \u2192<\/a>\n\t\t\t<\/div>\n\n\t\t\t<!-- Card 2: GEO Optimization -->\n\t\t\t<div class=\"cl-card cl-card--service cl-reveal cl-reveal-delay-2\">\n\t\t\t\t<div class=\"cl-card__icon\" aria-hidden=\"true\"><svg class=\"cl-icon\" width=\"28\" height=\"28\"><use href=\"\/wp-content\/themes\/citelayer\/assets\/icons\/icons.svg#icon-build\"\/><\/svg><\/div>\n\t\t\t\t<h3 class=\"cl-card__title\">Optimizaci\u00f3n GEO<\/h3>\n\t\t\t\t<div class=\"cl-card__price\">En <span class=\"edd_price\" id=\"edd_price_184\">&euro;2.500<\/span><\/div>\n\t\t\t\t<p class=\"cl-card__tagline\">Sea la respuesta que da la IA.<\/p>\n\t\t\t\t<p class=\"cl-card__body\">Optimizaci\u00f3n Generativa de Motores - arquitectura de datos estructurados, reestructuraci\u00f3n de contenidos, coherencia de entidades e implantaci\u00f3n de llms.txt. Haga que su empresa sea citada por los motores de b\u00fasqueda de IA.<\/p>\n\t\t\t\t<a href=\"\/es\/servicios\/geo-optimization\/\" class=\"cl-btn cl-btn--secondary cl-card__cta\">M\u00e1s informaci\u00f3n \u2192<\/a>\n\t\t\t<\/div>\n\n\t\t\t<!-- Card 3: AEO Optimization -->\n\t\t\t<div class=\"cl-card cl-card--service cl-reveal cl-reveal-delay-3\">\n\t\t\t\t<div class=\"cl-card__icon\" aria-hidden=\"true\"><svg class=\"cl-icon\" width=\"28\" height=\"28\"><use href=\"\/wp-content\/themes\/citelayer\/assets\/icons\/icons.svg#icon-target\"\/><\/svg><\/div>\n\t\t\t\t<h3 class=\"cl-card__title\">Optimizaci\u00f3n AEO<\/h3>\n\t\t\t\t<div class=\"cl-card__price\">En <span class=\"edd_price\" id=\"edd_price_184\">&euro;2.500<\/span><\/div>\n\t\t\t\t<p class=\"cl-card__tagline\">Posea la posici\u00f3n de respuesta.<\/p>\n\t\t\t\t<p class=\"cl-card__body\">Optimizaci\u00f3n de motores de respuesta para fragmentos destacados, res\u00famenes de IA y b\u00fasqueda por voz. Estructure su contenido para que sea la respuesta definitiva que seleccionan los motores de b\u00fasqueda y los sistemas de IA.<\/p>\n\t\t\t\t<a href=\"\/es\/servicios\/aeo-optimization\/\" class=\"cl-btn cl-btn--secondary cl-card__cta\">M\u00e1s informaci\u00f3n \u2192<\/a>\n\t\t\t<\/div>\n\n\t\t<\/div>\n\n\t\t<!-- Bottom Row: 2 Service Cards (centered) -->\n\t\t<div class=\"cl-services-grid-bottom\">\n\n\t\t\t<!-- Card 4: AI Audit & Compliance -->\n\t\t\t<div class=\"cl-card cl-card--service cl-reveal cl-reveal-delay-4\">\n\t\t\t\t<div class=\"cl-card__icon\" aria-hidden=\"true\"><svg class=\"cl-icon\" width=\"28\" height=\"28\"><use href=\"\/wp-content\/themes\/citelayer\/assets\/icons\/icons.svg#icon-check\"\/><\/svg><\/div>\n\t\t\t\t<h3 class=\"cl-card__title\">Auditor\u00eda y cumplimiento de la IA<\/h3>\n\t\t\t\t<div class=\"cl-card__price\">En <span class=\"edd_price\" id=\"edd_price_182\">\u20ac497<\/span><\/div>\n\t\t\t\t<p class=\"cl-card__tagline\">La visibilidad se une a la gobernanza.<\/p>\n\t\t\t\t<p class=\"cl-card__body\">Visibilidad combinada de la IA y auditor\u00eda de cumplimiento. An\u00e1lisis de lagunas de la Ley de IA de la UE, inventario de sistemas de IA, evaluaci\u00f3n de riesgos y hoja de ruta de correcci\u00f3n. La \u00fanica auditor\u00eda que cubre ambas dimensiones.<\/p>\n\t\t\t\t<a href=\"\/es\/servicios\/ai-audit\/\" class=\"cl-btn cl-btn--secondary cl-card__cta\">M\u00e1s informaci\u00f3n \u2192<\/a>\n\t\t\t<\/div>\n\n\t\t\t<!-- Card 5: Enterprise -->\n\t\t\t<div class=\"cl-card cl-card--service cl-reveal cl-reveal-delay-5\">\n\t\t\t\t<div class=\"cl-card__icon\" aria-hidden=\"true\"><svg class=\"cl-icon\" width=\"28\" height=\"28\"><use href=\"\/wp-content\/themes\/citelayer\/assets\/icons\/icons.svg#icon-enterprise\"\/><\/svg><\/div>\n\t\t\t\t<h3 class=\"cl-card__title\">Empresa<\/h3>\n\t\t\t\t<div class=\"cl-card__price\">A medida<\/div>\n\t\t\t\t<p class=\"cl-card__tagline\">Visibilidad de la IA a escala.<\/p>\n\t\t\t\t<p class=\"cl-card__body\">Multilocalizaci\u00f3n, multiling\u00fcismo y multijurisdicci\u00f3n. Programas a medida con gesti\u00f3n de proyectos dedicada, SLA garantizados e informes a las partes interesadas.<\/p>\n\t\t\t\t<a href=\"\/es\/servicios\/enterprise\/\" class=\"cl-btn cl-btn--secondary cl-card__cta\">P\u00f3ngase en contacto con nosotros \u2192<\/a>\n\t\t\t<\/div>\n\n\t\t<\/div>\n<\/div>\n\n\n\n<div class=\"cl-divider\" aria-hidden=\"true\"><\/div>\n\n\n\n<div class=\"wp-block-group cl-section cl-section--bg-alt has-global-padding is-layout-constrained wp-container-core-group-is-layout-704e782a wp-block-group-is-layout-constrained\">\n<div class=\"wp-block-group cl-section-header cl-section-header--center cl-reveal is-layout-flow wp-block-group-is-layout-flow\">\n<h2 class=\"wp-block-heading has-text-align-center cl-section-header__heading\">C\u00f3mo encaja<\/h2>\n\n\n\n<p class=\"cl-section-header__subline has-text-align-center\">Cada servicio se basa en el anterior. Empiece donde est\u00e9, escale cuando est\u00e9 preparado.<\/p>\n<\/div>\n\n\n\n<div class=\"cl-journey cl-reveal cl-reveal-delay-1\">\n\n\t\t\t<div class=\"cl-journey__step\">\n\t\t\t\t<div class=\"cl-journey__marker\">\n\t\t\t\t\t<svg class=\"cl-icon\" width=\"24\" height=\"24\" aria-hidden=\"true\"><use href=\"\/wp-content\/themes\/citelayer\/assets\/icons\/icons.svg#icon-audit\"\/><\/svg>\n\t\t\t\t<\/div>\n\t\t\t\t<h3 class=\"cl-journey__title\">Auditor\u00eda de visibilidad de la IA<\/h3>\n\t\t\t\t<p class=\"cl-journey__price\"><span class=\"edd_price\" id=\"edd_price_182\">\u20ac497<\/span><\/p>\n\t\t\t\t<p class=\"cl-journey__desc\">Identifica las lagunas existentes en las principales plataformas de IA<\/p>\n\t\t\t<\/div>\n\n\t\t\t<div class=\"cl-journey__step\">\n\t\t\t\t<div class=\"cl-journey__marker\">\n\t\t\t\t\t<svg class=\"cl-icon\" width=\"24\" height=\"24\" aria-hidden=\"true\"><use href=\"\/wp-content\/themes\/citelayer\/assets\/icons\/icons.svg#icon-build\"\/><\/svg>\n\t\t\t\t<\/div>\n\t\t\t\t<h3 class=\"cl-journey__title\">Optimizaci\u00f3n GEO \/ AEO<\/h3>\n\t\t\t\t<p class=\"cl-journey__price\"><span class=\"edd_price\" id=\"edd_price_184\">&euro;2.500<\/span> \u2013 <span class=\"edd_price\" id=\"edd_price_185\">\u20ac5.000<\/span>+<\/p>\n\t\t\t\t<p class=\"cl-journey__desc\">M\u00e1s IVA. Soluciona lagunas con datos estructurados y arquitectura de contenidos<\/p>\n\t\t\t<\/div>\n\n\t\t\t<div class=\"cl-journey__step\">\n\t\t\t\t<div class=\"cl-journey__marker\">\n\t\t\t\t\t<svg class=\"cl-icon\" width=\"24\" height=\"24\" aria-hidden=\"true\"><use href=\"\/wp-content\/themes\/citelayer\/assets\/icons\/icons.svg#icon-analytics\"\/><\/svg>\n\t\t\t\t<\/div>\n\t\t\t\t<h3 class=\"cl-journey__title\">Seguimiento trimestral<\/h3>\n\t\t\t\t<p class=\"cl-journey__price\"><span class=\"edd_price\" id=\"edd_price_186\">\u20ac750<\/span> \/ trimestre<\/p>\n\t\t\t\t<p class=\"cl-journey__desc\">M\u00e1s IVA. Le mantiene visible a medida que evolucionan las plataformas de IA<\/p>\n\t\t\t<\/div>\n\n\t\t\t<div class=\"cl-journey__step\">\n\t\t\t\t<div class=\"cl-journey__marker\">\n\t\t\t\t\t<svg class=\"cl-icon\" width=\"24\" height=\"24\" aria-hidden=\"true\"><use href=\"\/wp-content\/themes\/citelayer\/assets\/icons\/icons.svg#icon-globe\"\/><\/svg>\n\t\t\t\t<\/div>\n\t\t\t\t<h3 class=\"cl-journey__title\">Empresa<\/h3>\n\t\t\t\t<p class=\"cl-journey__price\">A medida<\/p>\n\t\t\t\t<p class=\"cl-journey__desc\">Escala a trav\u00e9s de ubicaciones, idiomas y jurisdicciones<\/p>\n\t\t\t<\/div>\n\n\t\t<\/div>\n\n\t\t<p class=\"cl-journey__note cl-reveal cl-reveal-delay-2\">\n\t\t\t<strong>Es bueno saberlo:<\/strong> El <a href=\"\/es\/servicios\/quick-scan\/\" title=\"Escaneado r\u00e1pido de la visibilidad AI\">Escaneado r\u00e1pido<\/a> honorarios (<span class=\"edd_price\" id=\"edd_price_181\">\u20ac49<\/span>) se abona en su siguiente plan si actualiza antes de 60 d\u00edas.\n\t\t<\/p>\n<\/div>\n\n\n\n<div class=\"cl-divider\" aria-hidden=\"true\"><\/div>\n\n\n\n<div class=\"wp-block-group cl-section has-global-padding is-layout-constrained wp-container-core-group-is-layout-f36bc466 wp-block-group-is-layout-constrained\">\n<div class=\"wp-block-group cl-section-header cl-section-header--center cl-reveal is-layout-flow wp-block-group-is-layout-flow\">\n<h2 class=\"wp-block-heading has-text-align-center cl-section-header__heading\">\u00bfQu\u00e9 hace que <mark style=\"background:none\" class=\"has-inline-color cl-gradient-text\">citelayer<\/mark> diferente<\/h2>\n<\/div>\n\n\n\n<div class=\"cl-diff-table cl-reveal cl-reveal-delay-1\">\n\t\t\t<div class=\"cl-comparison\">\n\t\t\t\t<table>\n\t\t\t\t\t<thead>\n\t\t\t\t\t\t<tr>\n\t\t\t\t\t\t\t<th class=\"cl-diff-table__col-us\">\n\t\t\t\t\t\t\t\t<svg class=\"cl-icon\" width=\"16\" height=\"16\" aria-hidden=\"true\" style=\"vertical-align:-2px;margin-right:4px;color:#16A34A;\"><use href=\"\/wp-content\/themes\/citelayer\/assets\/icons\/icons.svg#icon-check\"\/><\/svg>\n\t\t\t\t\t\t\t\tLo que obtiene\n\t\t\t\t\t\t\t<\/th>\n\t\t\t\t\t\t\t<th class=\"cl-diff-table__col-them\">\n\t\t\t\t\t\t\t\tLo que hacen la mayor\u00eda de las agencias\n\t\t\t\t\t\t\t<\/th>\n\t\t\t\t\t\t<\/tr>\n\t\t\t\t\t<\/thead>\n\t\t\t\t\t<tbody>\n\t\t\t\t\t\t<tr>\n\t\t\t\t\t\t\t<td class=\"cl-comparison__check\">Precios transparentes<\/td>\n\t\t\t\t\t\t\t<td class=\"cl-comparison__x\">\u201cP\u00f3ngase en contacto con nosotros para solicitar un presupuesto\u201d<\/td>\n\t\t\t\t\t\t<\/tr>\n\t\t\t\t\t\t<tr>\n\t\t\t\t\t\t\t<td class=\"cl-comparison__check\">Entrega de auditor\u00edas en 24 horas<\/td>\n\t\t\t\t\t\t\t<td class=\"cl-comparison__x\">\u201cNos pondremos en contacto con usted en 2-3 semanas\u201d<\/td>\n\t\t\t\t\t\t<\/tr>\n\t\t\t\t\t\t<tr>\n\t\t\t\t\t\t\t<td class=\"cl-comparison__check\">Antes y despu\u00e9s de la prueba de la plataforma<\/td>\n\t\t\t\t\t\t\t<td class=\"cl-comparison__x\">\u201cConf\u00ede en nosotros, est\u00e1 funcionando\u201d<\/td>\n\t\t\t\t\t\t<\/tr>\n\t\t\t\t\t\t<tr>\n\t\t\t\t\t\t\t<td class=\"cl-comparison__check\">Entrega personal por el fundador<\/td>\n\t\t\t\t\t\t\t<td class=\"cl-comparison__x\">El asociado junior redacta su informe<\/td>\n\t\t\t\t\t\t<\/tr>\n\t\t\t\t\t\t<tr>\n\t\t\t\t\t\t\t<td class=\"cl-comparison__check\">Recomendaciones documentadas<\/td>\n\t\t\t\t\t\t\t<td class=\"cl-comparison__x\">Vaga \u201cdirecci\u00f3n estrat\u00e9gica\u201d<\/td>\n\t\t\t\t\t\t<\/tr>\n\t\t\t\t\t\t<tr>\n\t\t\t\t\t\t\t<td class=\"cl-comparison__check\">No se garantizan resultados<\/td>\n\t\t\t\t\t\t\t<td class=\"cl-comparison__x\">\u201cGarantizamos rankings de p\u00e1gina 1\u201d<\/td>\n\t\t\t\t\t\t<\/tr>\n\t\t\t\t\t<\/tbody>\n\t\t\t\t<\/table>\n\t\t\t<\/div>\n\t\t<\/div>\n<\/div>\n\n\n\n<div class=\"cl-divider\" aria-hidden=\"true\"><\/div>\n\n\n\n<div class=\"wp-block-group cl-section cl-section--bg-alt has-global-padding is-layout-constrained wp-container-core-group-is-layout-4383d167 wp-block-group-is-layout-constrained\">\n<div class=\"wp-block-group cl-section-header cl-section-header--center cl-reveal is-layout-flow wp-block-group-is-layout-flow\">\n<h2 class=\"wp-block-heading has-text-align-center cl-section-header__heading\">Industrias a las que servimos<\/h2>\n\n\n\n<p class=\"cl-section-header__subline has-text-align-center\">Estrategias de visibilidad de la IA adaptadas al panorama competitivo de su sector.<\/p>\n<\/div>\n\n\n\n<div class=\"cl-industries-mini cl-reveal cl-reveal-delay-1\">\n\n\t\t\t<a href=\"\/es\/industrias\/med-spas\/\" class=\"cl-industry-link\">\n\t\t\t\t<span class=\"cl-industry-link__icon\" aria-hidden=\"true\"><svg class=\"cl-icon\" width=\"20\" height=\"20\"><use href=\"\/wp-content\/themes\/citelayer\/assets\/icons\/icons.svg#icon-wellness\"\/><\/svg><\/span>\n\t\t\t\t<span class=\"cl-industry-link__name\">Med Spas y Est\u00e9tica<\/span>\n\t\t\t<\/a>\n\n\t\t\t<a href=\"\/es\/industrias\/home-services\/\" class=\"cl-industry-link\">\n\t\t\t\t<span class=\"cl-industry-link__icon\" aria-hidden=\"true\"><svg class=\"cl-icon\" width=\"20\" height=\"20\"><use href=\"\/wp-content\/themes\/citelayer\/assets\/icons\/icons.svg#icon-home\"\/><\/svg><\/span>\n\t\t\t\t<span class=\"cl-industry-link__name\">Servicios a domicilio<\/span>\n\t\t\t<\/a>\n\n\t\t\t<a href=\"\/es\/industrias\/industrial-manufacturing\/\" class=\"cl-industry-link\">\n\t\t\t\t<span class=\"cl-industry-link__icon\" aria-hidden=\"true\"><svg class=\"cl-icon\" width=\"20\" height=\"20\"><use href=\"\/wp-content\/themes\/citelayer\/assets\/icons\/icons.svg#icon-technical\"\/><\/svg><\/span>\n\t\t\t\t<span class=\"cl-industry-link__name\">Fabricaci\u00f3n industrial<\/span>\n\t\t\t<\/a>\n\n\t\t\t<a href=\"\/es\/industrias\/healthcare\/\" class=\"cl-industry-link\">\n\t\t\t\t<span class=\"cl-industry-link__icon\" aria-hidden=\"true\"><svg class=\"cl-icon\" width=\"20\" height=\"20\"><use href=\"\/wp-content\/themes\/citelayer\/assets\/icons\/icons.svg#icon-healthcare\"\/><\/svg><\/span>\n\t\t\t\t<span class=\"cl-industry-link__name\">Sanidad<\/span>\n\t\t\t<\/a>\n\n\t\t\t<a href=\"\/es\/industrias\/servicios-financieros\/\" class=\"cl-industry-link\">\n\t\t\t\t<span class=\"cl-industry-link__icon\" aria-hidden=\"true\"><svg class=\"cl-icon\" width=\"20\" height=\"20\"><use href=\"\/wp-content\/themes\/citelayer\/assets\/icons\/icons.svg#icon-finance\"\/><\/svg><\/span>\n\t\t\t\t<span class=\"cl-industry-link__name\">Servicios financieros<\/span>\n\t\t\t<\/a>\n\n\t\t\t<a href=\"\/es\/industrias\/saas\/\" class=\"cl-industry-link\">\n\t\t\t\t<span class=\"cl-industry-link__icon\" aria-hidden=\"true\"><svg class=\"cl-icon\" width=\"20\" height=\"20\"><use href=\"\/wp-content\/themes\/citelayer\/assets\/icons\/icons.svg#icon-saas\"\/><\/svg><\/span>\n\t\t\t\t<span class=\"cl-industry-link__name\">SaaS y software<\/span>\n\t\t\t<\/a>\n\n\t\t<\/div>\n<\/div>\n\n\n\n<div class=\"wp-block-group cl-final-cta cl-section has-global-padding is-layout-constrained wp-container-core-group-is-layout-bea02a06 wp-block-group-is-layout-constrained\">\n<h2 class=\"wp-block-heading has-text-align-center cl-final-cta__heading cl-reveal has-heading-lg-font-size\">\u00bfNo sabe por d\u00f3nde empezar?<br><span class=\"cl-gradient-text\">Comience con la auditor\u00eda.<\/span><\/h2>\n\n\n\n<p class=\"has-text-align-center cl-final-cta__body cl-reveal cl-reveal-delay-1\">La auditor\u00eda de visibilidad de la IA le indica exactamente en qu\u00e9 punto se encuentra y qu\u00e9 debe solucionar en primer lugar. Todo lo dem\u00e1s viene a continuaci\u00f3n.<\/p>\n\n\n\n<div class=\"wp-block-buttons cl-hero__ctas is-content-justification-left is-layout-flex wp-container-core-buttons-is-layout-fc4fd283 wp-block-buttons-is-layout-flex\">\n<div class=\"wp-block-button cl-btn cl-btn--primary\"><a class=\"wp-block-button__link wp-element-button\" href=\"\/es\/servicios\/ai-visibility-audit\/\">Obtenga su auditor\u00eda de visibilidad de la IA - <span class=\"edd_price\" id=\"edd_price_182\">\u20ac497<\/span><\/a><\/div>\n\n\n\n<div class=\"wp-block-button cl-btn cl-btn--secondary is-style-outline is-style-outline--2\"><a class=\"wp-block-button__link wp-element-button\" href=\"https:\/\/audit.citelayer.ai\/portal\/demo\" target=\"_blank\" rel=\"noopener\">Ver un informe de muestra<\/a><\/div>\n<\/div>\n\n\n\n<p class=\"has-text-align-center cl-final-cta__note cl-reveal cl-reveal-delay-3 has-sm-font-size\">20 minutos. Sin lanzamiento. - Informe completo en 24 horas. - <a href=\"\/es\/servicios\/quick-scan\/\" style=\"color:inherit;text-decoration:underline;\">Escaneado r\u00e1pido desde <span class=\"edd_price\" id=\"edd_price_181\">\u20ac49<\/span><\/a><\/p>\n<\/div>\n<\/main>","protected":false},"excerpt":{"rendered":"<p>Services Make AI search engines find, understand, and recommend your business. From a 24-hour visibility audit to full-site GEO implementation and EU AI Act compliance. Every service builds on the one before \u2014 start where you are, scale when you&#8217;re ready. Everything you need to become AI-visible Five services. One clear path. Start with the [&hellip;]<\/p>\n","protected":false},"author":2,"featured_media":0,"parent":0,"menu_order":0,"comment_status":"closed","ping_status":"closed","template":"page-blank","meta":{"footnotes":""},"class_list":["post-42","page","type-page","status-publish","hentry"],"_links":{"self":[{"href":"https:\/\/citelayer-ai.com\/es\/wp-json\/wp\/v2\/pages\/42","targetHints":{"allow":["GET"]}}],"collection":[{"href":"https:\/\/citelayer-ai.com\/es\/wp-json\/wp\/v2\/pages"}],"about":[{"href":"https:\/\/citelayer-ai.com\/es\/wp-json\/wp\/v2\/types\/page"}],"author":[{"embeddable":true,"href":"https:\/\/citelayer-ai.com\/es\/wp-json\/wp\/v2\/users\/2"}],"replies":[{"embeddable":true,"href":"https:\/\/citelayer-ai.com\/es\/wp-json\/wp\/v2\/comments?post=42"}],"version-history":[{"count":6,"href":"https:\/\/citelayer-ai.com\/es\/wp-json\/wp\/v2\/pages\/42\/revisions"}],"predecessor-version":[{"id":436,"href":"https:\/\/citelayer-ai.com\/es\/wp-json\/wp\/v2\/pages\/42\/revisions\/436"}],"wp:attachment":[{"href":"https:\/\/citelayer-ai.com\/es\/wp-json\/wp\/v2\/media?parent=42"}],"curies":[{"name":"wp","href":"https:\/\/api.w.org\/{rel}","templated":true}]}}