{"id":41,"date":"2026-03-14T17:38:26","date_gmt":"2026-03-14T17:38:26","guid":{"rendered":"https:\/\/citelayer-ai.com\/contact\/"},"modified":"2026-03-29T18:34:32","modified_gmt":"2026-03-29T18:34:32","slug":"contact","status":"publish","type":"page","link":"https:\/\/citelayer-ai.com\/es\/contact\/","title":{"rendered":"P\u00f3ngase en contacto con"},"content":{"rendered":"\n<div class=\"wp-block-group cl-section cl-section--bg-alt cl-hero--inner has-global-padding is-layout-constrained wp-container-core-group-is-layout-bea02a06 wp-block-group-is-layout-constrained\"><nav aria-label=\"breadcrumbs\" class=\"rank-math-breadcrumb\"><p><span class=\"last\">Home<\/span><\/p><\/nav>\n\n\n\n<div class=\"wp-block-group cl-section-header cl-section-header--center is-layout-flow wp-block-group-is-layout-flow\">\n<p class=\"cl-eyebrow has-text-align-center\">Contact<\/p>\n\n\n\n<h1 class=\"wp-block-heading has-text-align-center cl-section-header__heading has-heading-lg-font-size\">Let&#8217;s talk about your <br><mark style=\"background:none\" class=\"has-inline-color cl-gradient-text\">AI visibility.<\/mark><\/h1>\n\n\n\n<p class=\"has-text-align-center cl-section-header__subline\">Whether you want to order an audit, ask a question, or scope an enterprise engagement \u2014 there are three ways to get in touch.<\/p>\n<\/div>\n<\/div>\n\n\n\n<div class=\"cl-divider\" aria-hidden=\"true\"><\/div>\n\n\n\n<div class=\"wp-block-group cl-section has-global-padding is-layout-constrained wp-container-core-group-is-layout-4383d167 wp-block-group-is-layout-constrained\">\n<div class=\"cl-grid cl-grid--3\" style=\"margin-bottom:3rem;\">\n\n\t\t\t<!-- Option 1: Order Audit -->\n\t\t\t<div class=\"cl-card cl-flexcard cl-card--featured cl-reveal cl-reveal-delay-1\" style=\"text-align:center;\">\n\t\t\t\t<div style=\"width:56px;height:56px;display:flex;align-items:center;justify-content:center;font-size:1.5rem;background:var(--cl-bg-purple);border-radius:var(--radius-md);margin:0 auto 1.25rem;\" aria-hidden=\"true\">\n\t\t\t\t\t<svg class=\"cl-icon\" width=\"28\" height=\"28\" aria-hidden=\"true\"><use href=\"\/wp-content\/themes\/citelayer\/assets\/icons\/icons.svg#icon-clipboard\"\/><\/svg>\n\t\t\t\t<\/div>\n\t\t\t\t<h2 style=\"font-size:var(--text-2xl);font-weight:700;margin-bottom:0.5rem;\">Order Your Audit Directly<\/h2>\n\t\t\t\t<p style=\"font-size:var(--text-md);color:var(--cl-text-secondary);line-height:var(--leading-relaxed);margin-bottom:1.5rem;\">\n\t\t\t\t\tNo call needed. Fill out the intake form, pay <span class=\"edd_price\" id=\"edd_price_182\">&euro;497<\/span>, and receive your complete AI Visibility Audit within 24 hours.\n\t\t\t\t<\/p>\n\t\t\t\t<a href=\"\/services\/ai-visibility-audit\/\" class=\"cl-btn cl-btn--primary cl-btn--full\">Order Your Audit &mdash; <span class=\"edd_price\" id=\"edd_price_182\">&euro;497<\/span><\/a>\n\t\t\t\t<p style=\"font-size:var(--text-sm);color:var(--cl-text-tertiary);margin-top:0.75rem;\">5-minute form. 24-hour delivery.<\/p>\n\t\t\t<\/div>\n\n\t\t\t<!-- Option 2: Discovery Call -->\n\t\t\t<div class=\"cl-card cl-flexcard cl-reveal cl-reveal-delay-2\" style=\"text-align:center;\">\n\t\t\t\t<div style=\"width:56px;height:56px;display:flex;align-items:center;justify-content:center;font-size:1.5rem;background:var(--cl-bg-warm);border-radius:var(--radius-md);margin:0 auto 1.25rem;\" aria-hidden=\"true\">\n\t\t\t\t\t<svg class=\"cl-icon\" width=\"28\" height=\"28\" aria-hidden=\"true\"><use href=\"\/wp-content\/themes\/citelayer\/assets\/icons\/icons.svg#icon-calendar\"\/><\/svg>\n\t\t\t\t<\/div>\n\t\t\t\t<h2 style=\"font-size:var(--text-2xl);font-weight:700;margin-bottom:0.5rem;\">Book a Discovery Call<\/h2>\n\t\t\t\t<p style=\"font-size:var(--text-md);color:var(--cl-text-secondary);line-height:var(--leading-relaxed);margin-bottom:1.5rem;\">\n\t\t\t\t\t20 minutes. No pitch. We discuss your situation, I tell you what I can help with, and you decide. Ideal if you&#8217;re not sure which service fits.\n\t\t\t\t<\/p>\n\t\t\t\t<!-- TODO: Replace href with Calendly\/Cal.com URL -->\n\t\t\t\t<a href=\"#contact-form\" class=\"cl-btn cl-btn--secondary cl-btn--full\">Book a Discovery Call<\/a>\n\t\t\t\t<p style=\"font-size:var(--text-sm);color:var(--cl-text-tertiary);margin-top:0.75rem;\">20 minutes. Video or phone. No obligation.<\/p>\n\t\t\t<\/div>\n\n\t\t\t<!-- Option 3: Send a Message -->\n\t\t\t<div class=\"cl-card cl-flexcard cl-reveal cl-reveal-delay-3\" style=\"text-align:center;\">\n\t\t\t\t<div style=\"width:56px;height:56px;display:flex;align-items:center;justify-content:center;font-size:1.5rem;background:var(--cl-bg-purple);border-radius:var(--radius-md);margin:0 auto 1.25rem;\" aria-hidden=\"true\">\n\t\t\t\t\t<svg class=\"cl-icon\" width=\"28\" height=\"28\" aria-hidden=\"true\"><use href=\"\/wp-content\/themes\/citelayer\/assets\/icons\/icons.svg#icon-mail\"\/><\/svg>\n\t\t\t\t<\/div>\n\t\t\t\t<h2 style=\"font-size:var(--text-2xl);font-weight:700;margin-bottom:0.5rem;\">Send a Message<\/h2>\n\t\t\t\t<p style=\"font-size:var(--text-md);color:var(--cl-text-secondary);line-height:var(--leading-relaxed);margin-bottom:1.5rem;\">\n\t\t\t\t\tFor general inquiries, partnership proposals, or press inquiries. Response within 24 hours on business days.\n\t\t\t\t<\/p>\n\t\t\t\t<a href=\"#contact-form\" class=\"cl-btn cl-btn--secondary cl-btn--full\">Go to Form &darr;<\/a>\n\t\t\t\t<p style=\"font-size:var(--text-sm);color:var(--cl-text-tertiary);margin-top:0.75rem;\">Response within 24 hours.<\/p>\n\t\t\t<\/div>\n\n\t\t<\/div>\n<\/div>\n\n\n\n<div id=\"contact-form\" class=\"wp-block-group cl-section cl-section--bg-alt has-global-padding is-layout-constrained wp-container-core-group-is-layout-bea02a06 wp-block-group-is-layout-constrained\">\n<h2 class=\"wp-block-heading cl-section-header__heading cl-reveal\">Send Me A Message<\/h2>\n\n\n<div class='fluentform ff-default fluentform_wrapper_3 ffs_default_wrap'><form data-form_id=\"3\" id=\"fluentform_3\" class=\"frm-fluent-form fluent_form_3 ff-el-form-top ff_form_instance_3_1 ff-form-loading ffs_default\" data-form_instance=\"ff_form_instance_3_1\" method=\"POST\" ><fieldset  style=\"border: none!important;margin: 0!important;padding: 0!important;background-color: transparent!important;box-shadow: none!important;outline: none!important; min-inline-size: 100%;\">\n                    <legend class=\"ff_screen_reader_title\" style=\"display: block; margin: 0!important;padding: 0!important;height: 0!important;text-indent: -999999px;width: 0!important;overflow:hidden;\">Contact Form<\/legend><input type='hidden' name='__fluent_form_embded_post_id' value='41' \/><input type=\"hidden\" id=\"_fluentform_3_fluentformnonce\" name=\"_fluentform_3_fluentformnonce\" value=\"886fe04b63\" \/><input type=\"hidden\" name=\"_wp_http_referer\" value=\"\/es\/wp-json\/wp\/v2\/pages\/41\" \/><div data-type=\"name-element\" data-name=\"names\" class=\" ff-field_container ff-name-field-wrapper\" ><div class='ff-t-container'><div class='ff-t-cell '><div class='ff-el-group'><div class=\"ff-el-input--label ff-el-is-required asterisk-right\"><label for='ff_3_names_first_name_' id='label_ff_3_names_first_name_' >First Name<\/label><\/div><div class='ff-el-input--content'><input type=\"text\" name=\"names[first_name]\" id=\"ff_3_names_first_name_\" class=\"ff-el-form-control\" placeholder=\"First Name\" aria-invalid=\"false\" aria-required=true><\/div><\/div><\/div><div class='ff-t-cell '><div class='ff-el-group'><div class=\"ff-el-input--label ff-el-is-required asterisk-right\"><label for='ff_3_names_last_name_' id='label_ff_3_names_last_name_' >Last Name<\/label><\/div><div class='ff-el-input--content'><input type=\"text\" name=\"names[last_name]\" id=\"ff_3_names_last_name_\" class=\"ff-el-form-control\" placeholder=\"Last Name\" aria-invalid=\"false\" aria-required=true><\/div><\/div><\/div><\/div><\/div><div class='ff-el-group'><div class=\"ff-el-input--label ff-el-is-required asterisk-right\"><label for='ff_3_email' id='label_ff_3_email' aria-label=\"Email\">Email<\/label><\/div><div class='ff-el-input--content'><input type=\"email\" name=\"email\" id=\"ff_3_email\" class=\"ff-el-form-control\" placeholder=\"Email Address\" data-name=\"email\"  aria-invalid=\"false\" aria-required=true><\/div><\/div><div class='ff-el-group'><div class=\"ff-el-input--label asterisk-right\"><label for='ff_3_company' id='label_ff_3_company' aria-label=\"Company\">Company<\/label><\/div><div class='ff-el-input--content'><input type=\"text\" name=\"company\" id=\"ff_3_company\" class=\"ff-el-form-control\" placeholder=\"Company (optional)\" data-name=\"company\"  aria-invalid=\"false\" aria-required=false><\/div><\/div><div class='ff-el-group'><div class=\"ff-el-input--label ff-el-is-required asterisk-right\"><label for='ff_3_subject' id='label_ff_3_subject' aria-label=\"Subject\">Subject<\/label><\/div><div class='ff-el-input--content'><select name=\"subject\" id=\"ff_3_subject\" class=\"ff-el-form-control\" placeholder=\"Select Subject\" data-name=\"subject\" data-calc_value=\"0\"  aria-invalid=\"false\" aria-required=\"true\" aria-labelledby=\"label_ff_3_subject\"><option value=\"\">Select Subject<\/option><option value=\"general\"  >General Inquiry<\/option><option value=\"audit\"  >Audit Question<\/option><option value=\"enterprise\"  >Enterprise<\/option><option value=\"partnership\"  >Partnership<\/option><option value=\"press\"  >Press<\/option><\/select><\/div><\/div><div class='ff-el-group'><div class=\"ff-el-input--label ff-el-is-required asterisk-right\"><label for='ff_3_message' id='label_ff_3_message' aria-label=\"Message\">Message<\/label><\/div><div class='ff-el-input--content'><textarea aria-required=\"true\" aria-labelledby=\"label_ff_3_message\" name=\"message\" id=\"ff_3_message\" class=\"ff-el-form-control\" placeholder=\"Your message...\" rows=\"5\" data-name=\"message\" ><\/textarea><\/div><\/div><div class='ff-el-group    ff-el-input--content'><div class='ff-el-form-check ff-el-tc'><label aria-label='T\u00e9rminos y condiciones: I agree to the processing of my personal data in accordance with the Privacy Policy. Contiene 1 enlace. Usa la navegaci\u00f3n por pesta\u00f1as para rese\u00f1ar.' class='ff-el-form-check-label ff_tc_label' for=gdpr_consent_2690c844214834990efed84501ef5d0b><span class='ff_tc_checkbox'><input name=\"gdpr_consent\" class=\"ff-el-form-check-input\" data-name=\"gdpr_consent\" id=\"gdpr_consent_2690c844214834990efed84501ef5d0b\"  value='on' aria-invalid='false' aria-required=true><\/span> <div class='ff_t_c'>I agree to the processing of my personal data in accordance with the <a href=\"\/privacy-policy\/\" target=\"_blank\">Privacy Policy<\/a>.<\/div><\/label><\/div><\/div><div class='ff-el-group ff-text-left ff_submit_btn_wrapper'><button type=\"submit\" class=\"ff-btn ff-btn-submit ff-btn-md ff_btn_style wpf_has_custom_css\"  aria-label=\"Send Message\">Send Message<\/button><\/div><\/fieldset><\/form><div id='fluentform_3_errors' class='ff-errors-in-stack ff_form_instance_3_1 ff-form-loading_errors ff_form_instance_3_1_errors'><\/div><\/div>            <script type=\"text\/javascript\">\n                window.fluent_form_ff_form_instance_3_1 = {\"id\":\"3\",\"ajaxUrl\":\"https:\\\/\\\/citelayer-ai.com\\\/wp-admin\\\/admin-ajax.php\",\"settings\":{\"restrictions\":{\"denyEmptySubmission\":{\"enabled\":false}}},\"form_instance\":\"ff_form_instance_3_1\",\"form_id_selector\":\"fluentform_3\",\"rules\":{\"names[first_name]\":{\"required\":{\"value\":true,\"message\":\"This field is required\"}},\"names[last_name]\":{\"required\":{\"value\":true,\"message\":\"This field is required\"}},\"email\":{\"required\":{\"value\":true,\"message\":\"This field is required\"},\"email\":{\"value\":true,\"message\":\"Please provide a valid email address\"}},\"company\":{\"required\":{\"value\":false,\"message\":\"\"}},\"subject\":{\"required\":{\"value\":true,\"message\":\"Please select a subject\"}},\"message\":{\"required\":{\"value\":true,\"message\":\"This field is required\"}},\"gdpr_consent\":{\"required\":{\"value\":true,\"message\":\"You must accept the privacy policy to continue\"}}},\"debounce_time\":300};\n                            <\/script>\n            \n<\/div>\n\n\n\n<div class=\"cl-divider\" aria-hidden=\"true\"><\/div>\n\n\n\n<div class=\"wp-block-group cl-section has-global-padding is-layout-constrained wp-container-core-group-is-layout-bea02a06 wp-block-group-is-layout-constrained\">\n<h2 class=\"wp-block-heading cl-section-header__heading cl-reveal cl-faq__heading\">Common Questions<\/h2>\n\n\n<div id=\"rank-math-faq\" class=\"rank-math-block cl-faq cl-reveal cl-reveal-delay-1\">\n<div class=\"rank-math-list \">\n<div id=\"faq-question-contact-1\" class=\"rank-math-list-item\">\n<h3 class=\"rank-math-question \">How quickly will I hear back?<\/h3>\n<div class=\"rank-math-answer \">\n\n<p>For audit orders: your report is delivered within 24 hours. For messages and inquiries: response within 24 hours on business days. For discovery calls: instant booking through our calendar.<\/p>\n\n<\/div>\n<\/div>\n<div id=\"faq-question-contact-2\" class=\"rank-math-list-item\">\n<h3 class=\"rank-math-question \">Do you offer a free consultation?<\/h3>\n<div class=\"rank-math-answer \">\n\n<p>Yes \u2014 the 20-minute discovery call is free, no obligation. It\u2019s not a sales pitch. We discuss your situation and I tell you honestly whether citelayer can help. If the answer is no, I\u2019ll tell you that too.<\/p>\n\n<\/div>\n<\/div>\n<div id=\"faq-question-contact-3\" class=\"rank-math-list-item\">\n<h3 class=\"rank-math-question \">What timezone are you in?<\/h3>\n<div class=\"rank-math-answer \">\n\n<p>Cllients are served worldwide. Discovery calls are available in European and US business hours. The audit is asynchronous \u2014 you order anytime, citelayer\u00ae delivers within 24 hours.<\/p>\n\n<\/div>\n<\/div>\n<div id=\"faq-question-1774805032974\" class=\"rank-math-list-item\">\n<h3 class=\"rank-math-question \">Do you work with international clients?<\/h3>\n<div class=\"rank-math-answer \">\n\n<p>Yes. Invoicing is provided in USD (global\/US), EUR (Germany\/Austria), CHF (Switzerland), or GBP (UK). B2B clients with a valid EU VAT ID can use reverse charge. Swiss clients are invoiced in CHF.<\/p>\n\n<\/div>\n<\/div>\n<\/div>\n<\/div><\/div>\n","protected":false},"excerpt":{"rendered":"<p>Contact Let&#8217;s talk about your AI visibility. Whether you want to order an audit, ask a question, or scope an enterprise engagement \u2014 there are three ways to get in touch. Order Your Audit Directly No call needed. Fill out the intake form, pay , and receive your complete AI Visibility Audit within 24 hours. [&hellip;]<\/p>\n","protected":false},"author":2,"featured_media":0,"parent":0,"menu_order":0,"comment_status":"closed","ping_status":"closed","template":"page-blank","meta":{"footnotes":""},"class_list":["post-41","page","type-page","status-publish","hentry"],"_links":{"self":[{"href":"https:\/\/citelayer-ai.com\/es\/wp-json\/wp\/v2\/pages\/41","targetHints":{"allow":["GET"]}}],"collection":[{"href":"https:\/\/citelayer-ai.com\/es\/wp-json\/wp\/v2\/pages"}],"about":[{"href":"https:\/\/citelayer-ai.com\/es\/wp-json\/wp\/v2\/types\/page"}],"author":[{"embeddable":true,"href":"https:\/\/citelayer-ai.com\/es\/wp-json\/wp\/v2\/users\/2"}],"replies":[{"embeddable":true,"href":"https:\/\/citelayer-ai.com\/es\/wp-json\/wp\/v2\/comments?post=41"}],"version-history":[{"count":13,"href":"https:\/\/citelayer-ai.com\/es\/wp-json\/wp\/v2\/pages\/41\/revisions"}],"predecessor-version":[{"id":469,"href":"https:\/\/citelayer-ai.com\/es\/wp-json\/wp\/v2\/pages\/41\/revisions\/469"}],"wp:attachment":[{"href":"https:\/\/citelayer-ai.com\/es\/wp-json\/wp\/v2\/media?parent=41"}],"curies":[{"name":"wp","href":"https:\/\/api.w.org\/{rel}","templated":true}]}}