{"id":40,"date":"2026-03-14T17:38:26","date_gmt":"2026-03-14T17:38:26","guid":{"rendered":"https:\/\/citelayer-ai.com\/pricing\/"},"modified":"2026-03-29T19:44:49","modified_gmt":"2026-03-29T19:44:49","slug":"pricing","status":"publish","type":"page","link":"https:\/\/citelayer-ai.com\/es\/pricing\/","title":{"rendered":"Precios"},"content":{"rendered":"<div class=\"wp-block-group cl-section cl-section--bg-alt cl-hero--inner has-global-padding is-layout-constrained wp-container-core-group-is-layout-bea02a06 wp-block-group-is-layout-constrained\"><nav aria-label=\"pan rallado\" class=\"rank-math-breadcrumb\"><p><span class=\"last\">Inicio<\/span><\/p><\/nav>\n\n\n\n<div class=\"wp-block-group cl-section-header cl-section-header--center is-layout-flow wp-block-group-is-layout-flow\">\n<p class=\"cl-eyebrow has-text-align-center\">Transparent Pricing<\/p>\n\n\n\n<h1 class=\"wp-block-heading has-text-align-center cl-section-header__heading has-heading-lg-font-size\">Precios claros. <br><mark style=\"background:none\" class=\"has-inline-color cl-gradient-text\">Sin sorpresas.<\/mark><\/h1>\n\n\n\n<p class=\"has-text-align-center cl-section-header__subline\">Start where you are. Scale when you&#8217;re ready. Every plan builds on the one before.<\/p>\n<\/div>\n<\/div>\n\n\n\n<div class=\"cl-divider\" aria-hidden=\"true\"><\/div>\n\n\n\n<div class=\"wp-block-group cl-section has-global-padding is-layout-constrained wp-container-core-group-is-layout-4383d167 wp-block-group-is-layout-constrained\">\n<div class=\"cl-notice cl-notice--info\" style=\"max-width:760px;margin:0 auto 3rem;\" role=\"note\">\n\t\t\t<span class=\"cl-notice__icon\" aria-hidden=\"true\">\n\t\t\t\t<svg class=\"cl-icon\" width=\"20\" height=\"20\"><use href=\"\/wp-content\/themes\/citelayer\/assets\/icons\/icons.svg#globe\"><\/use><\/svg>\n\t\t\t<\/span>\n\t\t\t<div class=\"cl-notice__body\">\n\n\n\t<div class=\"wp-block-edd-currency-selector edd-blocks__currency-selector\">\n\t\t\t\t<div class=\"edd-multi-currency-selector edd-multi-currency-selector-buttons\">\n\t\t\t\t<form method=\"GET\" action=\"\">\n\t\t\t\t\t\t\t\t<button\n\t\t\t\ttype=\"submit\"\n\t\t\t\tclass=\"button edd-submit edd-multi-currency-button blue edd-multi-currency-button--selected\"\n\t\t\t\tname=\"currency\"\n\t\t\t\tvalue=\"EUR\"\n\t\t\t\t disabled='disabled'\t\t\t>\n\t\t\t\tEUR (active)\t\t\t<\/button>\n\t\t\t\t\t\t\t\t<button\n\t\t\t\ttype=\"submit\"\n\t\t\t\tclass=\"button edd-submit edd-multi-currency-button blue\"\n\t\t\t\tname=\"currency\"\n\t\t\t\tvalue=\"USD\"\n\t\t\t\t\t\t\t>\n\t\t\t\tUSD\t\t\t<\/button>\n\t\t\t\t\t\t\t\t<button\n\t\t\t\ttype=\"submit\"\n\t\t\t\tclass=\"button edd-submit edd-multi-currency-button blue\"\n\t\t\t\tname=\"currency\"\n\t\t\t\tvalue=\"GBP\"\n\t\t\t\t\t\t\t>\n\t\t\t\tGBP\t\t\t<\/button>\n\t\t\t\t\t\t\t\t<button\n\t\t\t\ttype=\"submit\"\n\t\t\t\tclass=\"button edd-submit edd-multi-currency-button blue\"\n\t\t\t\tname=\"currency\"\n\t\t\t\tvalue=\"CHF\"\n\t\t\t\t\t\t\t>\n\t\t\t\tCHF\t\t\t<\/button>\n\t\t\t<input type=\"hidden\" name=\"trp-form-language\" value=\"es\"\/><\/form>\n\t\t<\/div>\n\t\t\t<\/div>\n\t\n\n\n<\/div>\n\t\t<\/div>\n\n\n\n<div class=\"cl-grid--pricing-top\">\n\n\t\t\t<!-- Audit -->\n\t\t\t<div class=\"cl-pricing__card cl-reveal cl-reveal-delay-1\">\n<p class=\"cl-eyebrow\">Comience aqu\u00ed<\/p>\n\t\t\t\t<h2 class=\"cl-pricing__name\">Auditor\u00eda de visibilidad de la IA<\/h2>\n\t\t\t\t<div class=\"cl-pricing__price\"><span class=\"edd_price\" id=\"edd_price_182\">\u20ac497<\/span><\/div>\n\t\t\t\t<p class=\"cl-pricing__tagline\">M\u00e1s IVA.<br> 1 Domain. Complete AI visibility scan across ChatGPT, Perplexity, Gemini, Google AI Overviews, and Claude. Competitive benchmark. Scored report with prioritized fixes. Delivered within 24 hours. Personally done by Saskia.<\/p>\n\t\t\t\t<ul class=\"cl-pricing__features\">\n\t\t\t\t\t<li><strong>5 AI platforms scanned<\/strong><\/li>\n\t\t\t\t\t<li>Competitive benchmark (you vs. top 3 competitors)<\/li>\n\t\t\t\t\t<li>Structured data analysis<\/li>\n<li>Content architecture review<\/li>\n\t\t\t\t\t<li>Entity consistency check<\/li>\n\t\t\t\t\t<li>Scored report with prioritized fix roadmap<\/li>\n\t\t\t\t\t<li><strong>Entregado en 24 horas<\/strong><\/li>\n\t\t\t\t<\/ul>\n\t\t\t\t<a href=\"\/es\/?edd_action=add_to_cart&#038;download_id=182\" class=\"cl-btn cl-btn--secondary cl-pricing__cta\">Order Your Audit \u2014 <span class=\"edd_price\" id=\"edd_price_182\">\u20ac497<\/span><\/a>\n\t\t\t<\/div>\n\n\t\t\t<!-- Report Review -->\n\t\t\t<div class=\"cl-pricing__card cl-reveal cl-reveal-delay-2\">\n\t\t\t\t<h2 class=\"cl-pricing__name\">Report Review<\/h2>\n\t\t\t\t<div class=\"cl-pricing__price\"><span class=\"edd_price\" id=\"edd_price_183\">&euro;997<\/span><\/div>\n\t\t\t\t<p class=\"cl-pricing__tagline\">M\u00e1s IVA.<br> 1 Domain. Everything in the Audit plus a 60-minute video walkthrough of every finding. Prioritized implementation plan for your developer. Recording included.<\/p>\n\t\t\t\t<ul class=\"cl-pricing__features\">\n\t\t\t\t\t<li>Everything in the Audit<\/li>\n\t\t\t\t\t<li><strong>60-minute video walkthrough<\/strong><\/li>\n\t\t\t\t\t<li>Prioritized implementation plan (you can hand to your dev)<\/li>\n\t\t\t\t\t<li>Platform-specific recommendations<\/li>\n\t\t\t\t\t<li>Recording included<\/li>\n\t\t\t\t\t<li>All questions answered<\/li>\n\t\t\t\t<\/ul>\n\t\t\t\t<a href=\"\/es\/?edd_action=add_to_cart&#038;download_id=183\" class=\"cl-btn cl-btn--secondary cl-pricing__cta\">Book Report Review \u2014 <span class=\"edd_price\" id=\"edd_price_183\">&euro;997<\/span><\/a>\n\t\t\t<\/div>\n\n\t\t\t<!-- Essentials -->\n\t\t\t<div class=\"cl-pricing__card cl-reveal cl-reveal-delay-3\">\n\t\t\t\t<h2 class=\"cl-pricing__name\">Esenciales<\/h2>\n\t\t\t\t<div class=\"cl-pricing__price\"><span class=\"edd_price\" id=\"edd_price_184\">&euro;2.500<\/span><\/div>\n\t\t\t\t<p class=\"cl-pricing__tagline\">M\u00e1s IVA.<br> 1 Domain. Core fixes that make an immediate difference. Max. 15 pages. Schema markup (JSON-LD) on top pages, FAQ architecture, before and after testing.<\/p>\n\t\t\t\t<ul class=\"cl-pricing__features\">\n\t\t\t\t\t<li>Everything in Report Review<\/li>\n\t\t\t\t\t<li>Schema markup (JSON-LD) on <strong>top pages<\/strong><\/li>\n\t\t\t\t\t<li>FAQ architecture optimized for AI<\/li>\n\t\t\t\t\t<li>Antes y despu\u00e9s de la prueba de la plataforma<\/li>\n\t\t\t\t\t<li>Implementation documentation<\/li>\n\t\t\t\t\t<li>1-month post-implementation support<\/li>\n\t\t\t\t<\/ul>\n\t\t\t\t<a href=\"\/es\/?edd_action=add_to_cart&#038;download_id=184\" class=\"cl-btn cl-btn--secondary cl-pricing__cta\">Get Started \u2014 <span class=\"edd_price\" id=\"edd_price_184\">&euro;2.500<\/span><\/a>\n\t\t\t<\/div>\n\n\t\t<\/div>\n\n\n\n<div class=\"cl-grid--pricing-top\" style=\"margin-top:2rem;\">\n\n\t\t\t<!-- Professional \u2014 FEATURED -->\n\t\t\t<div class=\"cl-pricing__card cl-pricing__card--featured cl-reveal cl-reveal-delay-1\">\n\t\t\t\t<span class=\"cl-pricing__badge\">Los m\u00e1s elegidos<\/span>\n\t\t\t\t<h2 class=\"cl-pricing__name\">Profesional<\/h2>\n\t\t\t\t<div class=\"cl-pricing__price\"><span class=\"edd_price\" id=\"edd_price_185\">\u20ac5.000<\/span><\/div>\n\t\t\t\t<p class=\"cl-pricing__tagline\">M\u00e1s IVA.<br> 1 Dominio. La soluci\u00f3n completa de visibilidad AI para hasta 25 p\u00e1ginas. Reestructuraci\u00f3n completa del contenido del sitio, datos estructurados, llms.txt, coherencia de entidades, seguimiento durante 3 meses.<\/p>\n\t\t\t\t<ul class=\"cl-pricing__features\">\n\t\t\t\t\t<li>Everything in Essentials<\/li>\n\t\t\t\t\t<li>Hasta 25 p\u00e1ginas (incluida la p\u00e1gina de inicio)<\/li>\n\t\t\t\t\t<li>Reestructuraci\u00f3n completa del contenido del sitio<\/li>\n\t\t\t\t\t<li>Datos estructurados completos<\/li>\n\t\t\t\t\t<li>generaci\u00f3n y despliegue de llms.txt<\/li>\n\t\t\t\t\t<li>Auditor\u00eda de coherencia de entidades y correcciones<\/li>\n<li>Optimizaci\u00f3n del rastreador AI<\/li>\n\t\t\t\t\t<li><strong>Seguimiento de 3 meses<\/strong> y reexamen trimestral<\/li>\n\t\t\t\t\t<li>Asistencia prioritaria (SLA de respuesta en 24 horas)<\/li>\n\t\t\t\t<\/ul>\n\t\t\t\t<a href=\"\/es\/?edd_action=add_to_cart&#038;download_id=185\" class=\"cl-btn cl-btn--primary cl-pricing__cta\">Go Professional - <span class=\"edd_price\" id=\"edd_price_185\">\u20ac5.000<\/span><\/a>\n\t\t\t<\/div>\n\n\t\t\t<!-- Enterprise -->\n\t\t\t<div class=\"cl-pricing__card cl-reveal cl-reveal-delay-2\">\n\t\t\t\t<h2 class=\"cl-pricing__name\">Empresa<\/h2>\n\t\t\t\t<div class=\"cl-pricing__price\">A medida<\/div>\n\t\t\t\t<p class=\"cl-pricing__tagline\">Typical range: $10,000 to $50,000+ plus VAT.<br> Multi-location, international structured data, custom content architecture, dedicated project manager, guaranteed SLAs.<\/p>\n\t\t\t\t<ul class=\"cl-pricing__features\">\n\t\t\t\t\t<li>Implantaci\u00f3n en varios emplazamientos<\/li>\n\t\t\t\t\t<li>Datos estructurados internacionales \/ multiling\u00fces<\/li>\n\t\t\t\t\t<li>Custom content architecture<\/li>\n\t\t\t\t\t<li>Gestor de proyectos dedicado<\/li>\n\t\t\t\t\t<li>SLA garantizados<\/li>\n\t\t\t\t\t<li>Custom reporting &amp; stakeholder decks<\/li>\n\t\t\t\t\t<li>White-label options<\/li>\n\t\t\t\t<\/ul>\n\t\t\t\t<a href=\"\/es\/contact\/\" class=\"cl-btn cl-btn--secondary cl-pricing__cta\">Contact for Scoping<\/a>\n\t\t\t<\/div>\n\t\t\t<!-- Essentials -->\n\t\t\t<div class=\"cl-pricing__card cl-reveal cl-reveal-delay-3\">\n\t\t\t\t<h2 class=\"cl-pricing__name\">Add-On: Quarterly Monitoring<\/h2>\n\t\t\t\t<div class=\"cl-pricing__price\"><span class=\"edd_price\" id=\"edd_price_186\">\u20ac750<\/span> <span style=\"font-size:.5em;\">\/trimestre<\/span><\/div>\n\t\t\t\t<p class=\"cl-pricing__tagline\">M\u00e1s IVA.<br> 1 Domain. Stay visible as AI evolves. Quarterly re-tests across all platforms, competitor tracking, updated recommendations.<\/p>\n\t\t\t\t<ul class=\"cl-pricing__features\">\n\t\t\t\t\t<li>Re-test across all AI platforms<\/li>\n\t\t\t\t\t<li>Updated visibility scoring<\/li>\n\t\t\t\t\t<li>Competitor movement tracking<\/li>\n\t\t\t\t\t<li>New recommendations<\/li>\n\t\t\t\t\t<li>Add to any plan<\/li>\n\t\t\t\t\t<li>Cancel anytime<\/li>\n\t\t\t\t<\/ul>\n\t\t\t\t<a href=\"\/es\/?edd_action=add_to_cart&#038;download_id=186\" class=\"cl-btn cl-btn--secondary cl-pricing__cta\">Add Monitoring \u2014 <span class=\"edd_price\" id=\"edd_price_186\">\u20ac750<\/span> \/trimestre<\/a>\n\t\t\t<\/div>\n\t\t<\/div>\n<\/div>\n\n\n\n<div class=\"cl-divider\" aria-hidden=\"true\"><\/div>\n\n\n\n<div class=\"wp-block-group cl-section cl-section--bg-alt has-global-padding is-layout-constrained wp-container-core-group-is-layout-bea02a06 wp-block-group-is-layout-constrained\">\n<h2 class=\"wp-block-heading has-text-align-center cl-section-header__heading cl-reveal\">Frequently Asked Questions<\/h2>\n\n\n<div id=\"rank-math-faq\" class=\"rank-math-block cl-faq cl-reveal cl-reveal-delay-1\">\n<div class=\"rank-math-list\">\n<div id=\"faq-question-1\" class=\"rank-math-list-item\">\n<h3 class=\"rank-math-question\">Do you offer payment plans?<\/h3>\n<div class=\"rank-math-answer\">\n\n<p>For Professional and Enterprise plans, yes. We offer 50% upfront and 50% on delivery, or a custom payment schedule. Contact us to discuss. Audit and Report Review are full payment upfront.<\/p>\n\n<\/div>\n<\/div>\n<div id=\"faq-question-2\" class=\"rank-math-list-item\">\n<h3 class=\"rank-math-question\">What currency do you invoice in?<\/h3>\n<div class=\"rank-math-answer\">\n\n<p>We invoice in USD (global\/US), EUR (Germany\/Austria), CHF (Switzerland), or GBP (UK) depending on your location. B2B clients with a valid EU VAT ID can use reverse charge. Swiss clients are invoiced in CHF.<\/p>\n\n<\/div>\n<\/div>\n<div id=\"faq-question-3\" class=\"rank-math-list-item\">\n<h3 class=\"rank-math-question\">Can I upgrade from Audit to a higher plan?<\/h3>\n<div class=\"rank-math-answer\">\n\n<p>Yes. Every plan builds on the previous one. If you used our AI Visibility Quick Scan Service, the fee (<span class=\"edd_price\" id=\"edd_price_181\">\u20ac49<\/span>) is credited toward your next plan if you upgrade within 60 days. This means if you buy the Quick Scan and then upgrade to a fully fledged AI Audit or Professional Package, we will deduct the amount of <span class=\"edd_price\" id=\"edd_price_181\">\u20ac49<\/span> from that upgrade plan.<\/p>\n\n<\/div>\n<\/div>\n<div id=\"faq-question-4\" class=\"rank-math-list-item\">\n<h3 class=\"rank-math-question\">Is there a refund policy?<\/h3>\n<div class=\"rank-math-answer\">\n\n<p>For the Audit: if we don&#8217;t deliver within 48 hours, you get a full refund. For implementation plans: work completed is billed. We don&#8217;t do &#8220;results or money back&#8221; because no one in this industry honestly can.<\/p>\n\n<\/div>\n<\/div>\n<div id=\"faq-question-1774303972174\" class=\"rank-math-list-item\">\n<h3 class=\"rank-math-question\">How does Enterprise pricing work?<\/h3>\n<div class=\"rank-math-answer\">\n\n<p>Enterprise is custom-scoped. We start with a 30-minute scoping call, provide a fixed quote within 48 hours. Typical range: $10,000 to $50,000+ depending on scope and complexity.<\/p>\n\n<\/div>\n<\/div>\n<div id=\"faq-question-1774304045729\" class=\"rank-math-list-item\">\n<h3 class=\"rank-math-question\">Why are your prices public?<\/h3>\n<div class=\"rank-math-answer\">\n\n<p>Because we believe transparent pricing reduces anxiety and builds trust. Every other GEO\/AI visibility agency says &#8220;contact us for a quote.&#8221; We show you what it costs upfront.<\/p>\n\n<\/div>\n<\/div>\n<div id=\"faq-question-1774304085528\" class=\"rank-math-list-item\">\n<h3 class=\"rank-math-question\">Is the quarterly monitoring a subscription?<\/h3>\n<div class=\"rank-math-answer\">\n\n<p>It&#8217;s a quarterly engagement, not a subscription. No long-term commitment. Cancel before the next quarter if you want to pause. We bill per quarter in advance.<\/p>\n\n<\/div>\n<\/div>\n<\/div>\n<\/div><\/div>\n\n\n\n<div class=\"cl-divider\" aria-hidden=\"true\"><\/div>\n\n\n\n<div class=\"wp-block-group cl-section has-global-padding is-layout-constrained wp-container-core-group-is-layout-bea02a06 wp-block-group-is-layout-constrained\">\n<h2 class=\"wp-block-heading has-text-align-center cl-reveal\">Not sure which plan?<\/h2>\n\n\n\n<h3 class=\"wp-block-heading has-text-align-center cl-reveal\"><mark class=\"has-inline-color cl-gradient-text\" style=\"background:none\">Comience con la auditor\u00eda.<\/mark><\/h3>\n\n\n\n<p class=\"has-text-align-center cl-reveal\">The audit tells you exactly what&#8217;s missing. From there, you decide what to fix \u2014 with us or on your own.<\/p>\n\n\n\n<div class=\"wp-block-buttons cl-hero__ctas cl-final-cta__buttons cl-reveal cl-reveal-delay-2 is-content-justification-center is-layout-flex wp-container-core-buttons-is-layout-a89b3969 wp-block-buttons-is-layout-flex\">\n<div class=\"wp-block-button cl-btn cl-btn--primary\"><a class=\"wp-block-button__link wp-element-button\" href=\"\/es\/contact\/\">Concierte una llamada de descubrimiento gratuita<\/a><\/div>\n\n\n\n<div class=\"wp-block-button cl-btn cl-btn--secondary is-style-outline is-style-outline--1\"><a class=\"wp-block-button__link wp-element-button\" href=\"\/es\/servicios\/ai-visibility-audit\/\">Solicite su auditor\u00eda de visibilidad de la IA - <span class=\"edd_price\" id=\"edd_price_182\">\u20ac497<\/span><\/a><\/div>\n<\/div>\n\n\n\n<p class=\"has-text-align-center cl-final-cta__note cl-reveal cl-reveal-delay-3 has-sm-font-size\">20 minutos. Sin lanzamiento. - Informe completo en 24 horas. - <a href=\"\/es\/servicios\/quick-scan\/\" style=\"color:inherit;text-decoration:underline;\">Escaneado r\u00e1pido desde <span class=\"edd_price\" id=\"edd_price_181\">\u20ac49<\/span><\/a><\/p>\n<\/div>","protected":false},"excerpt":{"rendered":"<p>Transparent Pricing Clear pricing. No surprises. Start where you are. Scale when you&#8217;re ready. Every plan builds on the one before. Start Here AI Visibility Audit Plus VAT. 1 Domain. Complete AI visibility scan across ChatGPT, Perplexity, Gemini, Google AI Overviews, and Claude. Competitive benchmark. Scored report with prioritized fixes. Delivered within 24 hours. Personally [&hellip;]<\/p>\n","protected":false},"author":2,"featured_media":0,"parent":0,"menu_order":0,"comment_status":"closed","ping_status":"closed","template":"page-blank","meta":{"footnotes":""},"class_list":["post-40","page","type-page","status-publish","hentry"],"_links":{"self":[{"href":"https:\/\/citelayer-ai.com\/es\/wp-json\/wp\/v2\/pages\/40","targetHints":{"allow":["GET"]}}],"collection":[{"href":"https:\/\/citelayer-ai.com\/es\/wp-json\/wp\/v2\/pages"}],"about":[{"href":"https:\/\/citelayer-ai.com\/es\/wp-json\/wp\/v2\/types\/page"}],"author":[{"embeddable":true,"href":"https:\/\/citelayer-ai.com\/es\/wp-json\/wp\/v2\/users\/2"}],"replies":[{"embeddable":true,"href":"https:\/\/citelayer-ai.com\/es\/wp-json\/wp\/v2\/comments?post=40"}],"version-history":[{"count":18,"href":"https:\/\/citelayer-ai.com\/es\/wp-json\/wp\/v2\/pages\/40\/revisions"}],"predecessor-version":[{"id":473,"href":"https:\/\/citelayer-ai.com\/es\/wp-json\/wp\/v2\/pages\/40\/revisions\/473"}],"wp:attachment":[{"href":"https:\/\/citelayer-ai.com\/es\/wp-json\/wp\/v2\/media?parent=40"}],"curies":[{"name":"wp","href":"https:\/\/api.w.org\/{rel}","templated":true}]}}